{"id":20130,"date":"2024-06-11T11:29:51","date_gmt":"2024-06-11T11:29:51","guid":{"rendered":"https:\/\/www.oddmedyatasarim.com\/demo1\/?page_id=20130"},"modified":"2025-08-24T22:15:37","modified_gmt":"2025-08-24T22:15:37","slug":"uber-uns","status":"publish","type":"page","link":"https:\/\/www.oddmedyatasarim.com\/demo1\/uber-uns\/","title":{"rendered":"\u00dcber uns"},"content":{"rendered":"\t\t<div data-elementor-type=\"wp-page\" data-elementor-id=\"20130\" class=\"elementor elementor-20130\">\n\t\t\t\t\t\t<section class=\"elementor-section elementor-top-section elementor-element elementor-element-fd18bca elementor-section-boxed elementor-section-height-default elementor-section-height-default sc_fly_static\" data-id=\"fd18bca\" data-element_type=\"section\">\n\t\t\t\t\t\t<div class=\"elementor-container elementor-column-gap-extended\">\n\t\t\t\t\t<div class=\"elementor-column elementor-col-100 elementor-top-column elementor-element elementor-element-2e57aa0 sc_content_align_inherit sc_layouts_column_icons_position_left sc_fly_static\" data-id=\"2e57aa0\" data-element_type=\"column\">\n\t\t\t<div class=\"elementor-widget-wrap elementor-element-populated\">\n\t\t\t\t\t\t<div class=\"elementor-element elementor-element-ec914c3 sc_height_huge sc_fly_static elementor-widget elementor-widget-spacer\" data-id=\"ec914c3\" data-element_type=\"widget\" data-widget_type=\"spacer.default\">\n\t\t\t\t<div class=\"elementor-widget-container\">\n\t\t\t\t\t\t\t<div class=\"elementor-spacer\">\n\t\t\t<div class=\"elementor-spacer-inner\"><\/div>\n\t\t<\/div>\n\t\t\t\t\t\t<\/div>\n\t\t\t\t<\/div>\n\t\t\t\t\t<\/div>\n\t\t<\/div>\n\t\t\t\t\t<\/div>\n\t\t<\/section>\n\t\t\t\t<section class=\"elementor-section elementor-top-section elementor-element elementor-element-3ca7e6f elementor-section-content-middle elementor-section-boxed elementor-section-height-default elementor-section-height-default sc_fly_static\" data-id=\"3ca7e6f\" data-element_type=\"section\">\n\t\t\t\t\t\t<div class=\"elementor-container elementor-column-gap-extended\">\n\t\t\t\t\t<div class=\"elementor-column elementor-col-50 elementor-top-column elementor-element elementor-element-e729e33 sc_content_align_inherit sc_layouts_column_icons_position_left sc_fly_static\" data-id=\"e729e33\" data-element_type=\"column\">\n\t\t\t<div class=\"elementor-widget-wrap elementor-element-populated\">\n\t\t\t\t\t\t<div class=\"elementor-element elementor-element-2ae467e elementor-widget__width-auto no-title sc_fly_static elementor-widget elementor-widget-image\" data-id=\"2ae467e\" data-element_type=\"widget\" data-widget_type=\"image.default\">\n\t\t\t\t<div class=\"elementor-widget-container\">\n\t\t\t\t\t\t\t\t\t\t\t\t\t\t\t<img decoding=\"async\" src=\"https:\/\/www.oddmedyatasarim.com\/demo1\/wp-content\/uploads\/2025\/08\/AAMT2977-scaled-1.jpg\" title=\"AAMT2977-scaled-1\" alt=\"AAMT2977-scaled-1\" loading=\"lazy\" \/>\t\t\t\t\t\t\t\t\t\t\t\t\t\t\t<\/div>\n\t\t\t\t<\/div>\n\t\t\t\t\t<\/div>\n\t\t<\/div>\n\t\t\t\t<div class=\"elementor-column elementor-col-50 elementor-top-column elementor-element elementor-element-c5ff061 sc_content_align_inherit sc_layouts_column_icons_position_left sc_fly_static\" data-id=\"c5ff061\" data-element_type=\"column\">\n\t\t\t<div class=\"elementor-widget-wrap elementor-element-populated\">\n\t\t\t\t\t\t<div class=\"elementor-element elementor-element-9bbf0ee elementor-widget__width-initial sc_fly_static elementor-widget elementor-widget-trx_sc_title\" data-id=\"9bbf0ee\" data-element_type=\"widget\" data-widget_type=\"trx_sc_title.default\">\n\t\t\t\t<div class=\"elementor-widget-container\">\n\t\t\t\t\t<div\t\tclass=\"sc_title sc_title_default\" ><span class=\"sc_item_subtitle sc_title_subtitle sc_item_subtitle_above sc_item_title_style_default\">SBN Naturste\u0131ne gmbh-l\u0131ngenfeld<\/span><h1 class=\"sc_item_title sc_title_title sc_item_title_style_default sc_item_title_tag\"\n\t\t\t><span class=\"sc_item_title_text\">Uber Uns<\/span><\/h1><div class=\"sc_item_descr sc_title_descr\"><p>Wer wir sind<\/p>\n<p>Mit \u00fcber 30 Jahren Erfahrung im Natursteinabbau in der T\u00fcrkei und einem Team von \u00fcber 100 Mitarbeitenden geh\u00f6ren wir zu den leistungsst\u00e4rksten Produzenten der Branche. Unsere monatliche Produktionskapazit\u00e4t liegt bei \u00fcber 150 Containern, gefertigt in unseren firmeneigenen Steinbr\u00fcchen und modernen Werken.<\/p>\n<p>Im Jahr 2025 haben wir das renommierte deutsche Unternehmen SBN Natursteine GmbH vollst\u00e4ndig \u00fcbernommen. Seitdem vereinen wir unsere jahrzehntelange Rohstoffkompetenz mit der starken Marktpr\u00e4senz von SBN \u2013 und bringen frischen Wind in den deutschen Natursteinhandel.<\/p>\n<\/div><\/div>\t\t\t\t<\/div>\n\t\t\t\t<\/div>\n\t\t\t\t<div class=\"elementor-element elementor-element-f69b455 sc_fly_static elementor-widget elementor-widget-spacer\" data-id=\"f69b455\" data-element_type=\"widget\" data-widget_type=\"spacer.default\">\n\t\t\t\t<div class=\"elementor-widget-container\">\n\t\t\t\t\t\t\t<div class=\"elementor-spacer\">\n\t\t\t<div class=\"elementor-spacer-inner\"><\/div>\n\t\t<\/div>\n\t\t\t\t\t\t<\/div>\n\t\t\t\t<\/div>\n\t\t\t\t<div class=\"elementor-element elementor-element-179fc6c sc_fly_static elementor-widget elementor-widget-spacer\" data-id=\"179fc6c\" data-element_type=\"widget\" data-widget_type=\"spacer.default\">\n\t\t\t\t<div class=\"elementor-widget-container\">\n\t\t\t\t\t\t\t<div class=\"elementor-spacer\">\n\t\t\t<div class=\"elementor-spacer-inner\"><\/div>\n\t\t<\/div>\n\t\t\t\t\t\t<\/div>\n\t\t\t\t<\/div>\n\t\t\t\t\t<\/div>\n\t\t<\/div>\n\t\t\t\t\t<\/div>\n\t\t<\/section>\n\t\t\t\t<section class=\"elementor-section elementor-top-section elementor-element elementor-element-48532745 elementor-section-boxed elementor-section-height-default elementor-section-height-default sc_fly_static\" data-id=\"48532745\" data-element_type=\"section\">\n\t\t\t\t\t\t<div class=\"elementor-container elementor-column-gap-extended\">\n\t\t\t\t\t<div class=\"elementor-column elementor-col-100 elementor-top-column elementor-element elementor-element-559bbb3a sc_layouts_column_align_center sc_layouts_column sc_content_align_inherit sc_layouts_column_icons_position_left sc_fly_static\" data-id=\"559bbb3a\" data-element_type=\"column\">\n\t\t\t<div class=\"elementor-widget-wrap elementor-element-populated\">\n\t\t\t\t\t\t<div class=\"elementor-element elementor-element-2b6ff0a0 sc_height_huge sc_fly_static elementor-widget elementor-widget-spacer\" data-id=\"2b6ff0a0\" data-element_type=\"widget\" data-widget_type=\"spacer.default\">\n\t\t\t\t<div class=\"elementor-widget-container\">\n\t\t\t\t\t\t\t<div class=\"elementor-spacer\">\n\t\t\t<div class=\"elementor-spacer-inner\"><\/div>\n\t\t<\/div>\n\t\t\t\t\t\t<\/div>\n\t\t\t\t<\/div>\n\t\t\t\t<div class=\"elementor-element elementor-element-18500db3 elementor-widget__width-initial sc_fly_static elementor-widget elementor-widget-trx_sc_title\" data-id=\"18500db3\" data-element_type=\"widget\" data-widget_type=\"trx_sc_title.default\">\n\t\t\t\t<div class=\"elementor-widget-container\">\n\t\t\t\t\t<div\t\tclass=\"sc_title sc_title_default\" ><h1 class=\"sc_item_title sc_title_title sc_align_center sc_item_title_style_default sc_item_title_tag sc_typed\"\n\t\t\t><span class=\"sc_item_title_text\">Unsere Fabrik<\/span><\/h1><div class=\"sc_item_descr sc_title_descr sc_align_center\"><p>Dank unserer eigenen Granit- und Travertin-Steinbr\u00fcche bieten wir Ihnen ein umfangreiches Sortiment direkt vom Hersteller \u2013 kommissionsfrei, ohne Zwischenh\u00e4ndler und zu \u00e4u\u00dferst wettbewerbsf\u00e4higen Preisen.<\/p>\n<p>Unser Sortiment umfasst unter anderem:<\/p>\n<p>Mauersteine (Duvar Ta\u015flar\u0131)<\/p>\n<p>Pflastersteine (K\u00fcpta\u015flar)<\/p>\n<p>Bordsteine (Bord\u00fcrler)<\/p>\n<p>Terrassenplatten (Teras Plakalar\u0131)<\/p>\n<p>Gro\u00dfformate & Sonderanfertigungen<\/p>\n<p>Egal ob f\u00fcr kilometerlange Stra\u00dfenbauprojekte oder stilvolle Gartenanlagen \u2013 wir liefern unsere Natursteine direkt bis zu Ihrem Projekt, mit unseren eigenen Fahrzeugen, effizient und zuverl\u00e4ssig.<\/p>\n<\/div><\/div>\t\t\t\t<\/div>\n\t\t\t\t<\/div>\n\t\t\t\t\t<\/div>\n\t\t<\/div>\n\t\t\t\t\t<\/div>\n\t\t<\/section>\n\t\t\t\t<section class=\"elementor-section elementor-top-section elementor-element elementor-element-3925496 elementor-section-boxed elementor-section-height-default elementor-section-height-default sc_fly_static\" data-id=\"3925496\" data-element_type=\"section\">\n\t\t\t\t\t\t<div class=\"elementor-container elementor-column-gap-extended\">\n\t\t\t\t\t<div class=\"elementor-column elementor-col-50 elementor-top-column elementor-element elementor-element-f0d8ec7 sc_content_align_inherit sc_layouts_column_icons_position_left sc_fly_static\" data-id=\"f0d8ec7\" data-element_type=\"column\">\n\t\t\t<div class=\"elementor-widget-wrap elementor-element-populated\">\n\t\t\t\t\t\t<div class=\"elementor-element elementor-element-a1587bc sc_fly_static elementor-widget elementor-widget-image\" data-id=\"a1587bc\" data-element_type=\"widget\" data-widget_type=\"image.default\">\n\t\t\t\t<div class=\"elementor-widget-container\">\n\t\t\t\t\t\t\t\t\t\t\t\t\t\t\t<img fetchpriority=\"high\" decoding=\"async\" width=\"1024\" height=\"576\" src=\"https:\/\/www.oddmedyatasarim.com\/demo1\/wp-content\/uploads\/2025\/08\/DJI_0468-1-1024x576-1.jpg\" class=\"attachment-large size-large wp-image-59382\" alt=\"\" srcset=\"https:\/\/www.oddmedyatasarim.com\/demo1\/wp-content\/uploads\/2025\/08\/DJI_0468-1-1024x576-1.jpg 1024w, https:\/\/www.oddmedyatasarim.com\/demo1\/wp-content\/uploads\/2025\/08\/DJI_0468-1-1024x576-1-300x169.jpg 300w, https:\/\/www.oddmedyatasarim.com\/demo1\/wp-content\/uploads\/2025\/08\/DJI_0468-1-1024x576-1-768x432.jpg 768w, https:\/\/www.oddmedyatasarim.com\/demo1\/wp-content\/uploads\/2025\/08\/DJI_0468-1-1024x576-1-370x208.jpg 370w, https:\/\/www.oddmedyatasarim.com\/demo1\/wp-content\/uploads\/2025\/08\/DJI_0468-1-1024x576-1-840x473.jpg 840w, https:\/\/www.oddmedyatasarim.com\/demo1\/wp-content\/uploads\/2025\/08\/DJI_0468-1-1024x576-1-410x231.jpg 410w, https:\/\/www.oddmedyatasarim.com\/demo1\/wp-content\/uploads\/2025\/08\/DJI_0468-1-1024x576-1-730x411.jpg 730w, https:\/\/www.oddmedyatasarim.com\/demo1\/wp-content\/uploads\/2025\/08\/DJI_0468-1-1024x576-1-270x152.jpg 270w\" sizes=\"(max-width: 1024px) 100vw, 1024px\" \/>\t\t\t\t\t\t\t\t\t\t\t\t\t\t\t<\/div>\n\t\t\t\t<\/div>\n\t\t\t\t\t<\/div>\n\t\t<\/div>\n\t\t\t\t<div class=\"elementor-column elementor-col-50 elementor-top-column elementor-element elementor-element-43465bf sc_content_align_inherit sc_layouts_column_icons_position_left sc_fly_static\" data-id=\"43465bf\" data-element_type=\"column\">\n\t\t\t<div class=\"elementor-widget-wrap elementor-element-populated\">\n\t\t\t\t\t\t<div class=\"elementor-element elementor-element-74e0c11 sc_fly_static elementor-widget elementor-widget-image\" data-id=\"74e0c11\" data-element_type=\"widget\" data-widget_type=\"image.default\">\n\t\t\t\t<div class=\"elementor-widget-container\">\n\t\t\t\t\t\t\t\t\t\t\t\t\t\t\t<img decoding=\"async\" width=\"1024\" height=\"576\" src=\"https:\/\/www.oddmedyatasarim.com\/demo1\/wp-content\/uploads\/2025\/08\/DJI_0493-1-scaled-1-1024x576.jpg\" class=\"attachment-large size-large wp-image-59430\" alt=\"\" srcset=\"https:\/\/www.oddmedyatasarim.com\/demo1\/wp-content\/uploads\/2025\/08\/DJI_0493-1-scaled-1-1024x576.jpg 1024w, https:\/\/www.oddmedyatasarim.com\/demo1\/wp-content\/uploads\/2025\/08\/DJI_0493-1-scaled-1-300x169.jpg 300w, https:\/\/www.oddmedyatasarim.com\/demo1\/wp-content\/uploads\/2025\/08\/DJI_0493-1-scaled-1-768x432.jpg 768w, https:\/\/www.oddmedyatasarim.com\/demo1\/wp-content\/uploads\/2025\/08\/DJI_0493-1-scaled-1-1536x864.jpg 1536w, https:\/\/www.oddmedyatasarim.com\/demo1\/wp-content\/uploads\/2025\/08\/DJI_0493-1-scaled-1-2048x1152.jpg 2048w, https:\/\/www.oddmedyatasarim.com\/demo1\/wp-content\/uploads\/2025\/08\/DJI_0493-1-scaled-1-370x208.jpg 370w, https:\/\/www.oddmedyatasarim.com\/demo1\/wp-content\/uploads\/2025\/08\/DJI_0493-1-scaled-1-1290x725.jpg 1290w, https:\/\/www.oddmedyatasarim.com\/demo1\/wp-content\/uploads\/2025\/08\/DJI_0493-1-scaled-1-840x473.jpg 840w, https:\/\/www.oddmedyatasarim.com\/demo1\/wp-content\/uploads\/2025\/08\/DJI_0493-1-scaled-1-410x231.jpg 410w, https:\/\/www.oddmedyatasarim.com\/demo1\/wp-content\/uploads\/2025\/08\/DJI_0493-1-scaled-1-730x411.jpg 730w, https:\/\/www.oddmedyatasarim.com\/demo1\/wp-content\/uploads\/2025\/08\/DJI_0493-1-scaled-1-270x152.jpg 270w\" sizes=\"(max-width: 1024px) 100vw, 1024px\" \/>\t\t\t\t\t\t\t\t\t\t\t\t\t\t\t<\/div>\n\t\t\t\t<\/div>\n\t\t\t\t\t<\/div>\n\t\t<\/div>\n\t\t\t\t\t<\/div>\n\t\t<\/section>\n\t\t\t\t<section class=\"elementor-section elementor-top-section elementor-element elementor-element-1862a40 elementor-section-boxed elementor-section-height-default elementor-section-height-default sc_fly_static\" data-id=\"1862a40\" data-element_type=\"section\">\n\t\t\t\t\t\t<div class=\"elementor-container elementor-column-gap-extended\">\n\t\t\t\t\t<div class=\"elementor-column elementor-col-100 elementor-top-column elementor-element elementor-element-70ed2f9 sc_content_align_inherit sc_layouts_column_icons_position_left sc_fly_static\" data-id=\"70ed2f9\" data-element_type=\"column\">\n\t\t\t<div class=\"elementor-widget-wrap elementor-element-populated\">\n\t\t\t\t\t\t<div class=\"elementor-element elementor-element-28c82a8 sc_height_huge sc_fly_static elementor-widget elementor-widget-spacer\" data-id=\"28c82a8\" data-element_type=\"widget\" data-widget_type=\"spacer.default\">\n\t\t\t\t<div class=\"elementor-widget-container\">\n\t\t\t\t\t\t\t<div class=\"elementor-spacer\">\n\t\t\t<div class=\"elementor-spacer-inner\"><\/div>\n\t\t<\/div>\n\t\t\t\t\t\t<\/div>\n\t\t\t\t<\/div>\n\t\t\t\t\t<\/div>\n\t\t<\/div>\n\t\t\t\t\t<\/div>\n\t\t<\/section>\n\t\t\t\t<section class=\"trx_addons_has_bg_text elementor-section elementor-top-section elementor-element elementor-element-30980a5 elementor-section-full_width elementor-section-height-min-height elementor-section-content-middle elementor-section-height-default elementor-section-items-middle sc_fly_static\" data-bg-text=\"{&quot;bg_text&quot;:&quot;Mauerste\\u0131ne-Pflasterste\\u0131ne-Bordste\\u0131ne-Terrassenplatten-&quot;,&quot;bg_text_effect&quot;:&quot;none&quot;,&quot;bg_text_overlay&quot;:{&quot;url&quot;:&quot;&quot;},&quot;bg_text_left&quot;:{&quot;unit&quot;:&quot;%&quot;,&quot;size&quot;:0,&quot;sizes&quot;:[]},&quot;bg_text_top&quot;:{&quot;unit&quot;:&quot;%&quot;,&quot;size&quot;:0,&quot;sizes&quot;:[]},&quot;bg_text_z_index&quot;:{&quot;size&quot;:&quot;0&quot;,&quot;unit&quot;:&quot;px&quot;},&quot;bg_text_marquee&quot;:{&quot;unit&quot;:&quot;px&quot;,&quot;size&quot;:13,&quot;sizes&quot;:[]},&quot;bg_text_marquee_hover&quot;:&quot;yes&quot;,&quot;bg_text_marquee_margin&quot;:{&quot;unit&quot;:&quot;px&quot;,&quot;size&quot;:0,&quot;sizes&quot;:[]},&quot;bg_text_reverse&quot;:0,&quot;bg_text_accelerate&quot;:1,&quot;bg_text_delimiter_icon&quot;:&quot;icon-text-icon&quot;,&quot;bg_text_delimiter_image&quot;:&quot;&quot;,&quot;bg_text_delimiter_svg&quot;:&quot;&quot;,&quot;bg_text_delimiter_rotation&quot;:0}\" data-id=\"30980a5\" data-element_type=\"section\">\n\t\t\t\t\t\t<div class=\"elementor-container elementor-column-gap-no\">\n\t\t\t\t\t<div class=\"elementor-column elementor-col-100 elementor-top-column elementor-element elementor-element-144ab32 sc_content_align_inherit sc_layouts_column_icons_position_left sc_fly_static\" data-id=\"144ab32\" data-element_type=\"column\">\n\t\t\t<div class=\"elementor-widget-wrap\">\n\t\t\t\t\t\t\t<\/div>\n\t\t<\/div>\n\t\t\t\t\t<\/div>\n\t\t<\/section>\n\t\t\t\t<section class=\"elementor-section elementor-top-section elementor-element elementor-element-7de4b4a elementor-section-boxed elementor-section-height-default elementor-section-height-default sc_fly_static\" data-id=\"7de4b4a\" data-element_type=\"section\">\n\t\t\t\t\t\t<div class=\"elementor-container elementor-column-gap-extended\">\n\t\t\t\t\t<div class=\"elementor-column elementor-col-100 elementor-top-column elementor-element elementor-element-e78074f sc_content_align_inherit sc_layouts_column_icons_position_left sc_fly_static\" data-id=\"e78074f\" data-element_type=\"column\">\n\t\t\t<div class=\"elementor-widget-wrap elementor-element-populated\">\n\t\t\t\t\t\t<div class=\"elementor-element elementor-element-c71af0b sc_height_large sc_fly_static elementor-widget elementor-widget-spacer\" data-id=\"c71af0b\" data-element_type=\"widget\" data-widget_type=\"spacer.default\">\n\t\t\t\t<div class=\"elementor-widget-container\">\n\t\t\t\t\t\t\t<div class=\"elementor-spacer\">\n\t\t\t<div class=\"elementor-spacer-inner\"><\/div>\n\t\t<\/div>\n\t\t\t\t\t\t<\/div>\n\t\t\t\t<\/div>\n\t\t\t\t\t<\/div>\n\t\t<\/div>\n\t\t\t\t\t<\/div>\n\t\t<\/section>\n\t\t\t\t<\/div>\n\t\t","protected":false},"excerpt":{"rendered":"<p>SBN Naturste\u0131ne gmbh-l\u0131ngenfeld Uber Uns Wer wir sind Mit \u00fcber 30 Jahren Erfahrung im Natursteinabbau in der T\u00fcrkei und einem Team von \u00fcber 100 Mitarbeitenden geh\u00f6ren wir zu den leistungsst\u00e4rksten&hellip;<\/p>\n","protected":false},"author":1,"featured_media":0,"parent":0,"menu_order":0,"comment_status":"closed","ping_status":"closed","template":"","meta":{"footnotes":""},"class_list":["post-20130","page","type-page","status-publish","hentry"],"_links":{"self":[{"href":"https:\/\/www.oddmedyatasarim.com\/demo1\/wp-json\/wp\/v2\/pages\/20130","targetHints":{"allow":["GET"]}}],"collection":[{"href":"https:\/\/www.oddmedyatasarim.com\/demo1\/wp-json\/wp\/v2\/pages"}],"about":[{"href":"https:\/\/www.oddmedyatasarim.com\/demo1\/wp-json\/wp\/v2\/types\/page"}],"author":[{"embeddable":true,"href":"https:\/\/www.oddmedyatasarim.com\/demo1\/wp-json\/wp\/v2\/users\/1"}],"replies":[{"embeddable":true,"href":"https:\/\/www.oddmedyatasarim.com\/demo1\/wp-json\/wp\/v2\/comments?post=20130"}],"version-history":[{"count":7,"href":"https:\/\/www.oddmedyatasarim.com\/demo1\/wp-json\/wp\/v2\/pages\/20130\/revisions"}],"predecessor-version":[{"id":59433,"href":"https:\/\/www.oddmedyatasarim.com\/demo1\/wp-json\/wp\/v2\/pages\/20130\/revisions\/59433"}],"wp:attachment":[{"href":"https:\/\/www.oddmedyatasarim.com\/demo1\/wp-json\/wp\/v2\/media?parent=20130"}],"curies":[{"name":"wp","href":"https:\/\/api.w.org\/{rel}","templated":true}]}}