{"id":20142,"date":"2024-07-11T11:32:27","date_gmt":"2024-07-11T11:32:27","guid":{"rendered":"https:\/\/www.oddmedyatasarim.com\/demo1\/?page_id=20142"},"modified":"2025-08-24T23:04:37","modified_gmt":"2025-08-24T23:04:37","slug":"datenschutzerklarung","status":"publish","type":"page","link":"https:\/\/www.oddmedyatasarim.com\/demo1\/datenschutzerklarung\/","title":{"rendered":"Datenschutzerkl\u00e4rung"},"content":{"rendered":"\t\t<div data-elementor-type=\"wp-page\" data-elementor-id=\"20142\" class=\"elementor elementor-20142\">\n\t\t\t\t\t\t<section class=\"elementor-section elementor-top-section elementor-element elementor-element-2add0fb9 elementor-section-boxed elementor-section-height-default elementor-section-height-default sc_fly_static\" data-id=\"2add0fb9\" data-element_type=\"section\">\n\t\t\t\t\t\t<div class=\"elementor-container elementor-column-gap-extended\">\n\t\t\t\t\t<div class=\"elementor-column elementor-col-100 elementor-top-column elementor-element elementor-element-7595d4cc sc_content_align_inherit sc_layouts_column_icons_position_left sc_fly_static\" data-id=\"7595d4cc\" data-element_type=\"column\">\n\t\t\t<div class=\"elementor-widget-wrap elementor-element-populated\">\n\t\t\t\t\t\t<div class=\"elementor-element elementor-element-f75f5af sc_height_huge sc_fly_static elementor-widget elementor-widget-spacer\" data-id=\"f75f5af\" data-element_type=\"widget\" data-widget_type=\"spacer.default\">\n\t\t\t\t<div class=\"elementor-widget-container\">\n\t\t\t\t\t\t\t<div class=\"elementor-spacer\">\n\t\t\t<div class=\"elementor-spacer-inner\"><\/div>\n\t\t<\/div>\n\t\t\t\t\t\t<\/div>\n\t\t\t\t<\/div>\n\t\t\t\t\t<\/div>\n\t\t<\/div>\n\t\t\t\t\t<\/div>\n\t\t<\/section>\n\t\t\t\t<section class=\"elementor-section elementor-top-section elementor-element elementor-element-59af14e2 elementor-section-boxed elementor-section-height-default elementor-section-height-default sc_fly_static\" data-id=\"59af14e2\" data-element_type=\"section\">\n\t\t\t\t\t\t<div class=\"elementor-container elementor-column-gap-extended\">\n\t\t\t\t\t<div class=\"elementor-column elementor-col-100 elementor-top-column elementor-element elementor-element-7d281716 sc_content_align_inherit sc_layouts_column_icons_position_left sc_fly_static\" data-id=\"7d281716\" data-element_type=\"column\">\n\t\t\t<div class=\"elementor-widget-wrap elementor-element-populated\">\n\t\t\t\t\t\t<div class=\"elementor-element elementor-element-63223e7a sc_fly_static elementor-widget elementor-widget-trx_sc_title\" data-id=\"63223e7a\" data-element_type=\"widget\" data-widget_type=\"trx_sc_title.default\">\n\t\t\t\t<div class=\"elementor-widget-container\">\n\t\t\t\t\t<div\t\tclass=\"sc_title sc_title_default\" ><h1 class=\"sc_item_title sc_title_title sc_item_title_style_default sc_item_title_tag\"\n\t\t\t><span class=\"sc_item_title_text\">Datenschutzerkl\u00e4rung<\/span><\/h1><\/div>\t\t\t\t<\/div>\n\t\t\t\t<\/div>\n\t\t\t\t<div class=\"elementor-element elementor-element-3eab4bbd sc_fly_static elementor-widget elementor-widget-spacer\" data-id=\"3eab4bbd\" data-element_type=\"widget\" data-widget_type=\"spacer.default\">\n\t\t\t\t<div class=\"elementor-widget-container\">\n\t\t\t\t\t\t\t<div class=\"elementor-spacer\">\n\t\t\t<div class=\"elementor-spacer-inner\"><\/div>\n\t\t<\/div>\n\t\t\t\t\t\t<\/div>\n\t\t\t\t<\/div>\n\t\t\t\t<div class=\"elementor-element elementor-element-2c20238d sc_fly_static elementor-widget elementor-widget-text-editor\" data-id=\"2c20238d\" data-element_type=\"widget\" data-widget_type=\"text-editor.default\">\n\t\t\t\t<div class=\"elementor-widget-container\">\n\t\t\t\t\t\t\t\t\t<div class=\"elementor-element elementor-element-9c58ddf wd-width-100 elementor-widget elementor-widget-wd_title\" data-id=\"9c58ddf\" data-element_type=\"widget\" data-widget_type=\"wd_title.default\"><div class=\"elementor-widget-container\"><div class=\"title-wrapper set-mb-s reset-last-child wd-title-color-default wd-title-style-default wd-title-size-large text-left\"><div class=\"liner-continer\"><h4 class=\"woodmart-title-container title wd-fontsize-xxl\"><span style=\"color: #333333; font-family: Roboto, sans-serif; font-size: 14px; font-weight: 300; letter-spacing: normal;\">Wir freuen uns \u00fcber Ihr Interesse an unserer Website. Der Schutz Ihrer Privatsph\u00e4re ist f\u00fcr uns sehr wichtig. Nachstehend informieren wir Sie ausf\u00fchrlich \u00fcber den Umgang mit Ihren Daten.<\/span><\/h4><\/div><\/div><\/div><\/div><div class=\"elementor-element elementor-element-3425e09 elementor-widget elementor-widget-html\" data-id=\"3425e09\" data-element_type=\"widget\" data-widget_type=\"html.default\"><section><h2>1. Verantwortlicher<\/h2><p>SBN Lingenfeld<br \/>Natursteine &amp; Transporte<br \/>Karl-L\u00f6sch-Stra\u00dfe 5<br \/>67360 Lingenfeld<br \/>Deutschland<br \/>Telefon: +49 6344 508474<br \/>E-Mail:\u00a0<a href=\"mailto:info@sbn-lingenfeld.de\">info@sbn-lingenfeld.de<\/a><\/p><h2>2. Erhebung und Verarbeitung personenbezogener Daten<\/h2><p>Sie k\u00f6nnen unsere Website besuchen, ohne Angaben zu Ihrer Person zu machen. Personenbezogene Daten werden nur erhoben, wenn Sie uns diese im Rahmen Ihrer Kontaktaufnahme (z.B. per Kontaktformular oder E-Mail) freiwillig mitteilen.<\/p><h2>3. Verwendung von Cookies<\/h2><p>Unsere Website verwendet Cookies, um die Nutzung bestimmter Funktionen zu erm\u00f6glichen und die Benutzerfreundlichkeit zu verbessern. Sie k\u00f6nnen Ihren Browser so einstellen, dass Sie \u00fcber das Setzen von Cookies informiert werden und einzeln \u00fcber deren Annahme entscheiden oder die Annahme von Cookies f\u00fcr bestimmte F\u00e4lle oder generell ausschlie\u00dfen.<\/p><h2>4. Weitergabe personenbezogener Daten<\/h2><p>Eine Weitergabe Ihrer Daten erfolgt nur, soweit dies zur Erf\u00fcllung des Vertrages notwendig ist oder Sie ausdr\u00fccklich eingewilligt haben.<\/p><h2>5. Ihre Rechte<\/h2><p>Sie haben das Recht, unentgeltlich Auskunft \u00fcber die bei uns zu Ihrer Person gespeicherten Daten zu erhalten sowie ggf. ein Recht auf Berichtigung, Sperrung oder L\u00f6schung dieser Daten.<\/p><h2>6. Kontakt f\u00fcr Datenschutzanfragen<\/h2><p>SBN Lingenfeld<br \/>E-Mail:\u00a0<a href=\"mailto:info@sbn-lingenfeld.de\">info@sbn-lingenfeld.de<\/a><\/p><\/section><\/div>\t\t\t\t\t\t\t\t<\/div>\n\t\t\t\t<\/div>\n\t\t\t\t\t<\/div>\n\t\t<\/div>\n\t\t\t\t\t<\/div>\n\t\t<\/section>\n\t\t\t\t<section class=\"elementor-section elementor-top-section elementor-element elementor-element-78586701 elementor-section-boxed elementor-section-height-default elementor-section-height-default sc_fly_static\" data-id=\"78586701\" data-element_type=\"section\">\n\t\t\t\t\t\t<div class=\"elementor-container elementor-column-gap-extended\">\n\t\t\t\t\t<div class=\"elementor-column elementor-col-100 elementor-top-column elementor-element elementor-element-43578a27 sc_content_align_inherit sc_layouts_column_icons_position_left sc_fly_static\" data-id=\"43578a27\" data-element_type=\"column\">\n\t\t\t<div class=\"elementor-widget-wrap elementor-element-populated\">\n\t\t\t\t\t\t<div class=\"elementor-element elementor-element-5a59be7 sc_height_large sc_fly_static elementor-widget elementor-widget-spacer\" data-id=\"5a59be7\" data-element_type=\"widget\" data-widget_type=\"spacer.default\">\n\t\t\t\t<div class=\"elementor-widget-container\">\n\t\t\t\t\t\t\t<div class=\"elementor-spacer\">\n\t\t\t<div class=\"elementor-spacer-inner\"><\/div>\n\t\t<\/div>\n\t\t\t\t\t\t<\/div>\n\t\t\t\t<\/div>\n\t\t\t\t<div class=\"elementor-element elementor-element-4ac2fa16 elementor-widget-divider--view-line sc_fly_static elementor-widget elementor-widget-divider\" data-id=\"4ac2fa16\" data-element_type=\"widget\" data-widget_type=\"divider.default\">\n\t\t\t\t<div class=\"elementor-widget-container\">\n\t\t\t\t\t\t\t<div class=\"elementor-divider\">\n\t\t\t<span class=\"elementor-divider-separator\">\n\t\t\t\t\t\t<\/span>\n\t\t<\/div>\n\t\t\t\t\t\t<\/div>\n\t\t\t\t<\/div>\n\t\t\t\t\t<\/div>\n\t\t<\/div>\n\t\t\t\t\t<\/div>\n\t\t<\/section>\n\t\t\t\t<\/div>\n\t\t","protected":false},"excerpt":{"rendered":"<p>Datenschutzerkl\u00e4rung Wir freuen uns \u00fcber Ihr Interesse an unserer Website. Der Schutz Ihrer Privatsph\u00e4re ist f\u00fcr uns sehr wichtig. Nachstehend informieren wir Sie ausf\u00fchrlich \u00fcber den Umgang mit Ihren Daten.&hellip;<\/p>\n","protected":false},"author":1,"featured_media":0,"parent":0,"menu_order":0,"comment_status":"closed","ping_status":"closed","template":"","meta":{"footnotes":""},"class_list":["post-20142","page","type-page","status-publish","hentry"],"_links":{"self":[{"href":"https:\/\/www.oddmedyatasarim.com\/demo1\/wp-json\/wp\/v2\/pages\/20142","targetHints":{"allow":["GET"]}}],"collection":[{"href":"https:\/\/www.oddmedyatasarim.com\/demo1\/wp-json\/wp\/v2\/pages"}],"about":[{"href":"https:\/\/www.oddmedyatasarim.com\/demo1\/wp-json\/wp\/v2\/types\/page"}],"author":[{"embeddable":true,"href":"https:\/\/www.oddmedyatasarim.com\/demo1\/wp-json\/wp\/v2\/users\/1"}],"replies":[{"embeddable":true,"href":"https:\/\/www.oddmedyatasarim.com\/demo1\/wp-json\/wp\/v2\/comments?post=20142"}],"version-history":[{"count":4,"href":"https:\/\/www.oddmedyatasarim.com\/demo1\/wp-json\/wp\/v2\/pages\/20142\/revisions"}],"predecessor-version":[{"id":59462,"href":"https:\/\/www.oddmedyatasarim.com\/demo1\/wp-json\/wp\/v2\/pages\/20142\/revisions\/59462"}],"wp:attachment":[{"href":"https:\/\/www.oddmedyatasarim.com\/demo1\/wp-json\/wp\/v2\/media?parent=20142"}],"curies":[{"name":"wp","href":"https:\/\/api.w.org\/{rel}","templated":true}]}}