{"id":59556,"date":"2025-08-25T12:29:21","date_gmt":"2025-08-25T12:29:21","guid":{"rendered":"https:\/\/www.oddmedyatasarim.com\/demo1\/?page_id=59556"},"modified":"2025-08-25T12:31:52","modified_gmt":"2025-08-25T12:31:52","slug":"allgemeine-geschaftsbedingungen","status":"publish","type":"page","link":"https:\/\/www.oddmedyatasarim.com\/demo1\/allgemeine-geschaftsbedingungen\/","title":{"rendered":"Allgemeine Gesch\u00e4ftsbedingungen"},"content":{"rendered":"\t\t<div data-elementor-type=\"wp-page\" data-elementor-id=\"59556\" class=\"elementor elementor-59556\">\n\t\t\t\t\t\t<section class=\"elementor-section elementor-top-section elementor-element elementor-element-09e0875 elementor-section-boxed elementor-section-height-default elementor-section-height-default sc_fly_static\" data-id=\"09e0875\" data-element_type=\"section\">\n\t\t\t\t\t\t<div class=\"elementor-container elementor-column-gap-extended\">\n\t\t\t\t\t<div class=\"elementor-column elementor-col-100 elementor-top-column elementor-element elementor-element-30405ad sc_content_align_inherit sc_layouts_column_icons_position_left sc_fly_static\" data-id=\"30405ad\" data-element_type=\"column\">\n\t\t\t<div class=\"elementor-widget-wrap elementor-element-populated\">\n\t\t\t\t\t\t<div class=\"elementor-element elementor-element-681bb9c sc_fly_static elementor-widget elementor-widget-text-editor\" data-id=\"681bb9c\" data-element_type=\"widget\" data-widget_type=\"text-editor.default\">\n\t\t\t\t<div class=\"elementor-widget-container\">\n\t\t\t\t\t\t\t\t\t<h3 data-start=\"348\" data-end=\"376\"><strong data-start=\"352\" data-end=\"374\">1. Geltungsbereich<\/strong><\/h3><p data-start=\"378\" data-end=\"518\">F\u00fcr alle Bestellungen \u00fcber unseren Online-Shop gelten die nachfolgenden AGB. Unser Online-Shop richtet sich ausschlie\u00dflich an Verbraucher.<\/p><p data-start=\"520\" data-end=\"944\">Verbraucher ist jede nat\u00fcrliche Person, die ein Rechtsgesch\u00e4ft zu Zwecken abschlie\u00dft, die \u00fcberwiegend weder ihrer gewerblichen noch ihrer selbst\u00e4ndigen beruflichen T\u00e4tigkeit zugerechnet werden k\u00f6nnen. Unternehmer ist eine nat\u00fcrliche oder juristische Person oder eine rechtsf\u00e4hige Personengesellschaft, die bei Abschluss eines Rechtsgesch\u00e4fts in Aus\u00fcbung ihrer gewerblichen oder selbst\u00e4ndigen beruflichen T\u00e4tigkeit handelt.<\/p><hr data-start=\"946\" data-end=\"949\" \/><h3 data-start=\"951\" data-end=\"1020\"><strong data-start=\"955\" data-end=\"1018\">2. Vertragspartner, Vertragsschluss, Korrekturm\u00f6glichkeiten<\/strong><\/h3><p data-start=\"1022\" data-end=\"1059\">Der Kaufvertrag kommt zustande mit:<\/p><p data-start=\"1061\" data-end=\"1163\"><strong data-start=\"1061\" data-end=\"1079\">SBN Lingenfeld<\/strong><br data-start=\"1079\" data-end=\"1082\" \/>Natursteine &amp; Transporte<br data-start=\"1106\" data-end=\"1109\" \/>Karl-L\u00f6sch-Stra\u00dfe 5<br data-start=\"1128\" data-end=\"1131\" \/>67360 Lingenfeld<br data-start=\"1147\" data-end=\"1150\" \/>Deutschland<\/p><p data-start=\"1165\" data-end=\"1781\">Mit Einstellung der Produkte in den Online-Shop geben wir ein verbindliches Angebot zum Vertragsschluss \u00fcber diese Produkte ab. Sie k\u00f6nnen unsere Produkte zun\u00e4chst unverbindlich in den Warenkorb legen und Ihre Eingaben vor Absenden Ihrer verbindlichen Bestellung jederzeit korrigieren, indem Sie die hierf\u00fcr im Bestellablauf vorgesehenen und erl\u00e4uterten Korrekturhilfen nutzen. Der Vertrag kommt zustande, indem Sie durch Anklicken des Bestellbuttons das Angebot \u00fcber die im Warenkorb enthaltenen Produkte annehmen. Unmittelbar nach dem Absenden der Bestellung erhalten Sie noch einmal eine Best\u00e4tigung per E-Mail.<\/p><hr data-start=\"1783\" data-end=\"1786\" \/><h3 data-start=\"1788\" data-end=\"1841\"><strong data-start=\"1792\" data-end=\"1839\">3. Vertragssprache, Vertragstextspeicherung<\/strong><\/h3><p data-start=\"1843\" data-end=\"1922\">Die f\u00fcr den Vertragsschluss zur Verf\u00fcgung stehende(n) Sprache(n): <strong data-start=\"1909\" data-end=\"1920\">Deutsch<\/strong><\/p><p data-start=\"1924\" data-end=\"2106\">Wir speichern den Vertragstext und senden Ihnen die Bestelldaten und unsere AGB in Textform zu. Der Vertragstext ist aus Sicherheitsgr\u00fcnden nicht mehr \u00fcber das Internet zug\u00e4nglich.<\/p><hr data-start=\"2108\" data-end=\"2111\" \/><h3 data-start=\"2113\" data-end=\"2143\"><strong data-start=\"2117\" data-end=\"2141\">4. Lieferbedingungen<\/strong><\/h3><h4 data-start=\"2145\" data-end=\"2169\">4.1 Versandkosten<\/h4><p data-start=\"2170\" data-end=\"2343\">Zuz\u00fcglich zu den angegebenen Produktpreisen kommen bei dem <strong data-start=\"2229\" data-end=\"2248\">Standardversand<\/strong> noch Versandkosten hinzu. N\u00e4heres zur H\u00f6he der Versandkosten erfahren Sie bei den Angeboten.<\/p><h4 data-start=\"2345\" data-end=\"2370\">4.2 Lieferoptionen<\/h4><p data-start=\"2371\" data-end=\"2450\">Wir versenden die Produkte an die im Bestellprozess angegebene Lieferadresse.<\/p><p data-start=\"2452\" data-end=\"2511\">Sie haben grunds\u00e4tzlich die M\u00f6glichkeit der Abholung bei:<\/p><p data-start=\"2513\" data-end=\"2615\"><strong data-start=\"2513\" data-end=\"2531\">SBN Lingenfeld<\/strong><br data-start=\"2531\" data-end=\"2534\" \/>Natursteine &amp; Transporte<br data-start=\"2558\" data-end=\"2561\" \/>Karl-L\u00f6sch-Stra\u00dfe 5<br data-start=\"2580\" data-end=\"2583\" \/>67360 Lingenfeld<br data-start=\"2599\" data-end=\"2602\" \/>Deutschland<\/p><p data-start=\"2617\" data-end=\"2680\"><strong data-start=\"2617\" data-end=\"2633\">Abholzeiten:<\/strong> Montag \u2013 Freitag von <strong data-start=\"2655\" data-end=\"2678\">09:00 bis 17:00 Uhr<\/strong><\/p><p data-start=\"2682\" data-end=\"2723\">Wir liefern <strong data-start=\"2694\" data-end=\"2703\">nicht<\/strong> an Packstationen.<\/p><hr data-start=\"2725\" data-end=\"2728\" \/><h3 data-start=\"2730\" data-end=\"2752\"><strong data-start=\"2734\" data-end=\"2750\">5. Bezahlung<\/strong><\/h3><p data-start=\"2754\" data-end=\"2845\">In unserem Shop stehen Ihnen grunds\u00e4tzlich die nachfolgenden Zahlungsarten zur Verf\u00fcgung:<\/p><ul data-start=\"2847\" data-end=\"4080\"><li data-start=\"2847\" data-end=\"3006\"><p data-start=\"2849\" data-end=\"3006\"><strong data-start=\"2849\" data-end=\"2861\">Vorkasse<\/strong><br data-start=\"2861\" data-end=\"2864\" \/>Bei Auswahl der Zahlungsart Vorkasse nennen wir Ihnen unsere Bankverbindung in separater E-Mail und liefern die Ware nach Zahlungseingang.<\/p><\/li><li data-start=\"3008\" data-end=\"3096\"><p data-start=\"3010\" data-end=\"3096\"><strong data-start=\"3010\" data-end=\"3037\">Barzahlung bei Abholung<\/strong><br data-start=\"3037\" data-end=\"3040\" \/>Sie zahlen den Rechnungsbetrag bei der Abholung bar.<\/p><\/li><li data-start=\"3098\" data-end=\"3241\"><p data-start=\"3100\" data-end=\"3241\"><strong data-start=\"3100\" data-end=\"3115\">Kreditkarte<\/strong><br data-start=\"3115\" data-end=\"3118\" \/>Im Bestellprozess geben Sie Ihre Kreditkartendaten an. Ihre Karte wird unmittelbar nach Abgabe der Bestellung belastet.<\/p><\/li><li data-start=\"3243\" data-end=\"4080\"><p data-start=\"3245\" data-end=\"3711\"><strong data-start=\"3245\" data-end=\"3272\">PayPal &amp; PayPal Express<\/strong><br data-start=\"3272\" data-end=\"3275\" \/>Um den Rechnungsbetrag \u00fcber den Zahlungsdienstleister PayPal (Europe) S.\u00e0 r.l. et Cie, S.C.A, 22-24 Boulevard Royal, L-2449 Luxembourg (\u201ePayPal\u201c) bezahlen zu k\u00f6nnen, m\u00fcssen Sie bei PayPal registriert sein, sich mit Ihren Zugangsdaten legitimieren und die Zahlungsanweisung best\u00e4tigen.<br data-start=\"3561\" data-end=\"3564\" \/>Die Zahlungstransaktion wird durch PayPal unmittelbar nach Abgabe der Bestellung durchgef\u00fchrt. Weitere Hinweise erhalten Sie im Bestellvorgang.<\/p><p data-start=\"3715\" data-end=\"4080\">PayPal kann registrierten und nach eigenen Kriterien ausgew\u00e4hlten PayPal-Kunden weitere Zahlungsmodalit\u00e4ten im Kundenkonto anbieten. Auf das Anbieten dieser Modalit\u00e4ten haben wir allerdings keinen Einfluss; weitere individuell angebotene Zahlungsmodalit\u00e4ten betreffen Ihr Rechtsverh\u00e4ltnis mit PayPal. Weitere Informationen hierzu finden Sie in Ihrem PayPal-Konto.<\/p><\/li><\/ul><hr data-start=\"4082\" data-end=\"4085\" \/><h3 data-start=\"4087\" data-end=\"4128\"><strong data-start=\"4091\" data-end=\"4126\">6. Gew\u00e4hrleistung und Garantien<\/strong><\/h3><h4 data-start=\"4130\" data-end=\"4160\">6.1 M\u00e4ngelhaftungsrecht<\/h4><p data-start=\"4161\" data-end=\"4207\">Es gilt das gesetzliche M\u00e4ngelhaftungsrecht.<\/p><h4 data-start=\"4209\" data-end=\"4246\">6.2 Garantien und Kundendienst<\/h4><p data-start=\"4247\" data-end=\"4428\">Informationen zu gegebenenfalls geltenden zus\u00e4tzlichen Garantien und deren genaue Bedingungen finden Sie jeweils beim Produkt und auf besonderen Informationsseiten im Online-Shop.<\/p><hr data-start=\"4430\" data-end=\"4433\" \/><h3 data-start=\"4435\" data-end=\"4463\"><strong data-start=\"4439\" data-end=\"4461\">7. Streitbeilegung<\/strong><\/h3><p data-start=\"4465\" data-end=\"4619\">Die Europ\u00e4ische Kommission stellt eine Plattform zur Online-Streitbeilegung (OS) bereit, die Sie <a class=\"decorated-link cursor-pointer\" target=\"_new\" rel=\"noopener\" data-start=\"4562\" data-end=\"4609\"><strong data-start=\"4563\" data-end=\"4571\">hier<\/strong><\/a> finden.<\/p><p data-start=\"4621\" data-end=\"4845\"><strong data-start=\"4621\" data-end=\"4643\">Wichtiger Hinweis:<\/strong><br data-start=\"4643\" data-end=\"4646\" \/>Die Plattform zur Online-Streitbeilegung (OS) wird zum <strong data-start=\"4701\" data-end=\"4715\">20.07.2025<\/strong> endg\u00fcltig eingestellt.<br data-start=\"4738\" data-end=\"4741\" \/>Die Einreichung von Beschwerden auf der OS-Plattform wird daher bereits am <strong data-start=\"4816\" data-end=\"4830\">20.03.2025<\/strong> eingestellt.<\/p><p data-start=\"4847\" data-end=\"4991\">Zur Teilnahme an einem Streitbeilegungsverfahren vor einer Verbraucherschlichtungsstelle sind wir <strong data-start=\"4945\" data-end=\"4967\">nicht verpflichtet<\/strong> und <strong data-start=\"4972\" data-end=\"4988\">nicht bereit<\/strong>.<\/p>\t\t\t\t\t\t\t\t<\/div>\n\t\t\t\t<\/div>\n\t\t\t\t\t<\/div>\n\t\t<\/div>\n\t\t\t\t\t<\/div>\n\t\t<\/section>\n\t\t\t\t<\/div>\n\t\t","protected":false},"excerpt":{"rendered":"<p>1. Geltungsbereich F\u00fcr alle Bestellungen \u00fcber unseren Online-Shop gelten die nachfolgenden AGB. Unser Online-Shop richtet sich ausschlie\u00dflich an Verbraucher. Verbraucher ist jede nat\u00fcrliche Person, die ein Rechtsgesch\u00e4ft zu Zwecken abschlie\u00dft,&hellip;<\/p>\n","protected":false},"author":1,"featured_media":0,"parent":0,"menu_order":0,"comment_status":"closed","ping_status":"closed","template":"","meta":{"footnotes":""},"class_list":["post-59556","page","type-page","status-publish","hentry"],"_links":{"self":[{"href":"https:\/\/www.oddmedyatasarim.com\/demo1\/wp-json\/wp\/v2\/pages\/59556","targetHints":{"allow":["GET"]}}],"collection":[{"href":"https:\/\/www.oddmedyatasarim.com\/demo1\/wp-json\/wp\/v2\/pages"}],"about":[{"href":"https:\/\/www.oddmedyatasarim.com\/demo1\/wp-json\/wp\/v2\/types\/page"}],"author":[{"embeddable":true,"href":"https:\/\/www.oddmedyatasarim.com\/demo1\/wp-json\/wp\/v2\/users\/1"}],"replies":[{"embeddable":true,"href":"https:\/\/www.oddmedyatasarim.com\/demo1\/wp-json\/wp\/v2\/comments?post=59556"}],"version-history":[{"count":4,"href":"https:\/\/www.oddmedyatasarim.com\/demo1\/wp-json\/wp\/v2\/pages\/59556\/revisions"}],"predecessor-version":[{"id":59560,"href":"https:\/\/www.oddmedyatasarim.com\/demo1\/wp-json\/wp\/v2\/pages\/59556\/revisions\/59560"}],"wp:attachment":[{"href":"https:\/\/www.oddmedyatasarim.com\/demo1\/wp-json\/wp\/v2\/media?parent=59556"}],"curies":[{"name":"wp","href":"https:\/\/api.w.org\/{rel}","templated":true}]}}